{"id":1947,"date":"2020-09-18T15:22:58","date_gmt":"2020-09-18T13:22:58","guid":{"rendered":"https:\/\/www.eloquia.com\/dfp\/"},"modified":"2020-12-16T10:11:17","modified_gmt":"2020-12-16T09:11:17","slug":"dfp","status":"publish","type":"page","link":"https:\/\/www.eloquia.com\/en\/examinations\/language-examinations\/french\/dfp\/","title":{"rendered":"DFP"},"content":{"rendered":"<div class=\"wpb-content-wrapper\"><p>[vc_section dhsv_background_color=&#8221;bg_primary&#8221;][vc_row][vc_column][dhsv_vc_green_header headline=&#8221;Ihr Franz\u00f6sisch-Zertifikat: DFP.&#8221; subline=&#8221;Weisen Sie Ihre berufsrelevanten Franz\u00f6sischkenntnisse nach.&#8221;][\/vc_column][\/vc_row][\/vc_section][vc_section dhsv_background_color=&#8221;bg_grey&#8221;][vc_row][vc_column width=&#8221;1\/12&#8243;][\/vc_column][vc_column width=&#8221;10\/12&#8243;][vc_empty_space height=&#8221;50px&#8221;][vc_column_text]Das Dipl\u00f4me du Fran\u00e7ais Professionel, kurz DFP, bescheinigt Ihre Franz\u00f6sischkompetenzen bezogen auf die berufliche Praxis. Ihr schriftlicher und m\u00fcndlicher Ausdruck wird nicht nur in wichtigen Berufssituationen bewertet, sondern kann auch in fachbezogenen Bereichen wie Tourismus, Jura und Medizin gepr\u00fcft werden. Wenn Sie an unseren DFP Vorbereitungskursen teilnehmen m\u00f6chten, machen Sie bitte unseren kostenlosen <a href=\"https:\/\/www.eloquia.com\/sprachtraining-fuer-privatpersonen\/einstufungstest\/\"><u>Einstufungstest<\/u><\/a> und setzen Sie sich dann mit uns in Verbindung.<\/p>\n<p><strong>Die Stufen und Spezialisierungen des DFP Tests bei ELOQUIA:<\/strong><\/p>\n<ul>\n<li>DFP A2 und B1 \u2013\u00a0umfasst allt\u00e4gliche berufliche Situationen<\/li>\n<li>DFP Affairs B2 bis C2<\/li>\n<li>DFP Scientifique et Technique B1<\/li>\n<li>DFP Tourisme et H\u00f4tellerie B1<\/li>\n<li>DFP Secr\u00e9tariat B1 und B2<\/li>\n<li>DFP Juridique B2<\/li>\n<li>DFP M\u00e9dical B2<\/li>\n<\/ul>\n<p>[\/vc_column_text][vc_empty_space height=&#8221;50px&#8221;][dhsv_vc_semco_iframe search_course=&#8221;DFP&#8221; hide_search_form=&#8221;true&#8221;][vc_empty_space height=&#8221;50px&#8221;][\/vc_column][vc_column width=&#8221;1\/12&#8243;][\/vc_column][\/vc_row][\/vc_section][vc_row][vc_column][vc_empty_space height=&#8221;100px&#8221;][dhsv_vc_contacts contact_id=&#8221;286&#8243; layout=&#8221;beside-button&#8221; headline=&#8221;Ihr n\u00e4chster Schritt zum Sprachkurs. Wir stufen Sie gleich unverbindlich ein.&#8221; link=&#8221;url:https%3A%2F%2Fwww.eloquia.com%2Fsprachtraining-fuer-privatpersonen%2Feinstufungstest%2F|title:Einstufungstest||&#8221;][vc_empty_space height=&#8221;125px&#8221;][\/vc_column][\/vc_row]<\/p>\n<\/div>","protected":false},"excerpt":{"rendered":"<p>[vc_section dhsv_background_color=&#8221;bg_primary&#8221;][vc_row][vc_column][dhsv_vc_green_header headline=&#8221;Ihr Franz\u00f6sisch-Zertifikat: DFP.&#8221; subline=&#8221;Weisen Sie Ihre berufsrelevanten Franz\u00f6sischkenntnisse nach.&#8221;][\/vc_column][\/vc_row][\/vc_section][vc_section dhsv_background_color=&#8221;bg_grey&#8221;][vc_row][vc_column width=&#8221;1\/12&#8243;][\/vc_column][vc_column width=&#8221;10\/12&#8243;][vc_empty_space height=&#8221;50px&#8221;][vc_column_text]Das Dipl\u00f4me du Fran\u00e7ais Professionel, kurz DFP, bescheinigt Ihre Franz\u00f6sischkompetenzen bezogen auf die berufliche Praxis. Ihr schriftlicher und m\u00fcndlicher Ausdruck wird nicht nur in wichtigen Berufssituationen bewertet, sondern kann auch in fachbezogenen Bereichen wie Tourismus, Jura und Medizin gepr\u00fcft werden. Wenn&#8230; <a href=\"https:\/\/www.eloquia.com\/en\/examinations\/language-examinations\/french\/dfp\/\" class=\"dhsv-excerpt-link\">More informations<\/a><\/p>\n","protected":false},"author":1,"featured_media":0,"parent":2027,"menu_order":0,"comment_status":"closed","ping_status":"closed","template":"","meta":{"_acf_changed":false,"footnotes":""},"class_list":["post-1947","page","type-page","status-publish","hentry"],"acf":[],"yoast_head":"<!-- This site is optimized with the Yoast SEO Premium plugin v27.4 (Yoast SEO v27.4) - https:\/\/yoast.com\/product\/yoast-seo-premium-wordpress\/ -->\n<title>Eloquia Language School Frankfurt - French DFP Test<\/title>\n<meta name=\"description\" content=\"DFP - Eloquia Language School Frankfurt - Language Courses - Language Examinations - Translations\" \/>\n<meta name=\"robots\" content=\"index, follow, max-snippet:-1, max-image-preview:large, max-video-preview:-1\" \/>\n<link rel=\"canonical\" href=\"https:\/\/www.eloquia.com\/en\/examinations\/language-examinations\/french\/dfp\/\" \/>\n<meta property=\"og:locale\" content=\"en_US\" \/>\n<meta property=\"og:type\" content=\"article\" \/>\n<meta property=\"og:title\" content=\"DFP\" \/>\n<meta property=\"og:description\" content=\"DFP - Eloquia Language School Frankfurt - Language Courses - Language Examinations - Translations\" \/>\n<meta property=\"og:url\" content=\"https:\/\/www.eloquia.com\/en\/examinations\/language-examinations\/french\/dfp\/\" \/>\n<meta property=\"og:site_name\" content=\"Eloquia Sprachschule Frankfurt\" \/>\n<meta property=\"article:publisher\" content=\"https:\/\/www.facebook.com\/Eloquia\" \/>\n<meta property=\"article:modified_time\" content=\"2020-12-16T09:11:17+00:00\" \/>\n<meta name=\"twitter:card\" content=\"summary_large_image\" \/>\n<meta name=\"twitter:label1\" content=\"Est. reading time\" \/>\n\t<meta name=\"twitter:data1\" content=\"1 minute\" \/>\n<script type=\"application\/ld+json\" class=\"yoast-schema-graph\">{\"@context\":\"https:\\\/\\\/schema.org\",\"@graph\":[{\"@type\":\"WebPage\",\"@id\":\"https:\\\/\\\/www.eloquia.com\\\/en\\\/examinations\\\/language-examinations\\\/french\\\/dfp\\\/\",\"url\":\"https:\\\/\\\/www.eloquia.com\\\/en\\\/examinations\\\/language-examinations\\\/french\\\/dfp\\\/\",\"name\":\"Eloquia Language School Frankfurt - French DFP Test\",\"isPartOf\":{\"@id\":\"https:\\\/\\\/www.eloquia.com\\\/en\\\/#website\"},\"datePublished\":\"2020-09-18T13:22:58+00:00\",\"dateModified\":\"2020-12-16T09:11:17+00:00\",\"description\":\"DFP - Eloquia Language School Frankfurt - Language Courses - Language Examinations - Translations\",\"breadcrumb\":{\"@id\":\"https:\\\/\\\/www.eloquia.com\\\/en\\\/examinations\\\/language-examinations\\\/french\\\/dfp\\\/#breadcrumb\"},\"inLanguage\":\"en-US\",\"potentialAction\":[{\"@type\":\"ReadAction\",\"target\":[\"https:\\\/\\\/www.eloquia.com\\\/en\\\/examinations\\\/language-examinations\\\/french\\\/dfp\\\/\"]}]},{\"@type\":\"BreadcrumbList\",\"@id\":\"https:\\\/\\\/www.eloquia.com\\\/en\\\/examinations\\\/language-examinations\\\/french\\\/dfp\\\/#breadcrumb\",\"itemListElement\":[{\"@type\":\"ListItem\",\"position\":1,\"name\":\"Home\",\"item\":\"https:\\\/\\\/www.eloquia.com\\\/en\\\/\"},{\"@type\":\"ListItem\",\"position\":2,\"name\":\"Examinations\",\"item\":\"https:\\\/\\\/www.eloquia.com\\\/en\\\/?page_id=2099\"},{\"@type\":\"ListItem\",\"position\":3,\"name\":\"Language Examinations\",\"item\":\"https:\\\/\\\/www.eloquia.com\\\/en\\\/examinations\\\/language-examinations\\\/\"},{\"@type\":\"ListItem\",\"position\":4,\"name\":\"French\",\"item\":\"https:\\\/\\\/www.eloquia.com\\\/en\\\/examinations\\\/language-examinations\\\/french\\\/\"},{\"@type\":\"ListItem\",\"position\":5,\"name\":\"DFP\"}]},{\"@type\":\"WebSite\",\"@id\":\"https:\\\/\\\/www.eloquia.com\\\/en\\\/#website\",\"url\":\"https:\\\/\\\/www.eloquia.com\\\/en\\\/\",\"name\":\"Eloquia Sprachschule Frankfurt\",\"description\":\"Die Sprachschule in Frankfurt\",\"publisher\":{\"@id\":\"https:\\\/\\\/www.eloquia.com\\\/en\\\/#organization\"},\"potentialAction\":[{\"@type\":\"SearchAction\",\"target\":{\"@type\":\"EntryPoint\",\"urlTemplate\":\"https:\\\/\\\/www.eloquia.com\\\/en\\\/?s={search_term_string}\"},\"query-input\":{\"@type\":\"PropertyValueSpecification\",\"valueRequired\":true,\"valueName\":\"search_term_string\"}}],\"inLanguage\":\"en-US\"},{\"@type\":[\"Organization\",\"Place\",\"EducationalOrganization\"],\"@id\":\"https:\\\/\\\/www.eloquia.com\\\/en\\\/#organization\",\"name\":\"Eloquia Sprachschule Frankfurt\",\"url\":\"https:\\\/\\\/www.eloquia.com\\\/en\\\/\",\"logo\":{\"@id\":\"https:\\\/\\\/www.eloquia.com\\\/en\\\/examinations\\\/language-examinations\\\/french\\\/dfp\\\/#local-main-organization-logo\"},\"image\":{\"@id\":\"https:\\\/\\\/www.eloquia.com\\\/en\\\/examinations\\\/language-examinations\\\/french\\\/dfp\\\/#local-main-organization-logo\"},\"sameAs\":[\"https:\\\/\\\/www.facebook.com\\\/Eloquia\",\"https:\\\/\\\/www.instagram.com\\\/eloquia_sprachinstitut\\\/\",\"https:\\\/\\\/www.linkedin.com\\\/company\\\/eloquia\"],\"address\":{\"@id\":\"https:\\\/\\\/www.eloquia.com\\\/en\\\/examinations\\\/language-examinations\\\/french\\\/dfp\\\/#local-main-place-address\"},\"geo\":{\"@type\":\"GeoCoordinates\",\"latitude\":\"50.1112596\",\"longitude\":\"8.6758313\"},\"telephone\":[\"069 - 230020\"],\"openingHoursSpecification\":[{\"@type\":\"OpeningHoursSpecification\",\"dayOfWeek\":[\"Monday\",\"Tuesday\",\"Wednesday\",\"Thursday\",\"Friday\"],\"opens\":\"08:30\",\"closes\":\"18:00\"},{\"@type\":\"OpeningHoursSpecification\",\"dayOfWeek\":[\"Saturday\",\"Sunday\"],\"opens\":\"00:00\",\"closes\":\"00:00\"}],\"email\":\"info@eloquia.com\",\"faxNumber\":\"069 - 233920\",\"areaServed\":\"Deutschland\",\"vatID\":\"DE114145556\"},{\"@type\":\"PostalAddress\",\"@id\":\"https:\\\/\\\/www.eloquia.com\\\/en\\\/examinations\\\/language-examinations\\\/french\\\/dfp\\\/#local-main-place-address\",\"streetAddress\":\"Kaiserstrasse 10\",\"addressLocality\":\"Frankfurt am Main\",\"postalCode\":\"60311\",\"addressRegion\":\"Hessen\",\"addressCountry\":\"DE\"},{\"@type\":\"ImageObject\",\"inLanguage\":\"en-US\",\"@id\":\"https:\\\/\\\/www.eloquia.com\\\/en\\\/examinations\\\/language-examinations\\\/french\\\/dfp\\\/#local-main-organization-logo\",\"url\":\"https:\\\/\\\/www.eloquia.com\\\/wp-content\\\/uploads\\\/2020\\\/10\\\/Eloquia_Logo.png\",\"contentUrl\":\"https:\\\/\\\/www.eloquia.com\\\/wp-content\\\/uploads\\\/2020\\\/10\\\/Eloquia_Logo.png\",\"width\":443,\"height\":111,\"caption\":\"Eloquia Sprachschule Frankfurt\"}]}<\/script>\n<meta name=\"geo.placename\" content=\"Frankfurt am Main\" \/>\n<meta name=\"geo.position\" content=\"50.1112596;8.6758313\" \/>\n<meta name=\"geo.region\" content=\"Germany\" \/>\n<!-- \/ Yoast SEO Premium plugin. -->","yoast_head_json":{"title":"Eloquia Language School Frankfurt - French DFP Test","description":"DFP - Eloquia Language School Frankfurt - Language Courses - Language Examinations - Translations","robots":{"index":"index","follow":"follow","max-snippet":"max-snippet:-1","max-image-preview":"max-image-preview:large","max-video-preview":"max-video-preview:-1"},"canonical":"https:\/\/www.eloquia.com\/en\/examinations\/language-examinations\/french\/dfp\/","og_locale":"en_US","og_type":"article","og_title":"DFP","og_description":"DFP - Eloquia Language School Frankfurt - Language Courses - Language Examinations - Translations","og_url":"https:\/\/www.eloquia.com\/en\/examinations\/language-examinations\/french\/dfp\/","og_site_name":"Eloquia Sprachschule Frankfurt","article_publisher":"https:\/\/www.facebook.com\/Eloquia","article_modified_time":"2020-12-16T09:11:17+00:00","twitter_card":"summary_large_image","twitter_misc":{"Est. reading time":"1 minute"},"schema":{"@context":"https:\/\/schema.org","@graph":[{"@type":"WebPage","@id":"https:\/\/www.eloquia.com\/en\/examinations\/language-examinations\/french\/dfp\/","url":"https:\/\/www.eloquia.com\/en\/examinations\/language-examinations\/french\/dfp\/","name":"Eloquia Language School Frankfurt - French DFP Test","isPartOf":{"@id":"https:\/\/www.eloquia.com\/en\/#website"},"datePublished":"2020-09-18T13:22:58+00:00","dateModified":"2020-12-16T09:11:17+00:00","description":"DFP - Eloquia Language School Frankfurt - Language Courses - Language Examinations - Translations","breadcrumb":{"@id":"https:\/\/www.eloquia.com\/en\/examinations\/language-examinations\/french\/dfp\/#breadcrumb"},"inLanguage":"en-US","potentialAction":[{"@type":"ReadAction","target":["https:\/\/www.eloquia.com\/en\/examinations\/language-examinations\/french\/dfp\/"]}]},{"@type":"BreadcrumbList","@id":"https:\/\/www.eloquia.com\/en\/examinations\/language-examinations\/french\/dfp\/#breadcrumb","itemListElement":[{"@type":"ListItem","position":1,"name":"Home","item":"https:\/\/www.eloquia.com\/en\/"},{"@type":"ListItem","position":2,"name":"Examinations","item":"https:\/\/www.eloquia.com\/en\/?page_id=2099"},{"@type":"ListItem","position":3,"name":"Language Examinations","item":"https:\/\/www.eloquia.com\/en\/examinations\/language-examinations\/"},{"@type":"ListItem","position":4,"name":"French","item":"https:\/\/www.eloquia.com\/en\/examinations\/language-examinations\/french\/"},{"@type":"ListItem","position":5,"name":"DFP"}]},{"@type":"WebSite","@id":"https:\/\/www.eloquia.com\/en\/#website","url":"https:\/\/www.eloquia.com\/en\/","name":"Eloquia Sprachschule Frankfurt","description":"Die Sprachschule in Frankfurt","publisher":{"@id":"https:\/\/www.eloquia.com\/en\/#organization"},"potentialAction":[{"@type":"SearchAction","target":{"@type":"EntryPoint","urlTemplate":"https:\/\/www.eloquia.com\/en\/?s={search_term_string}"},"query-input":{"@type":"PropertyValueSpecification","valueRequired":true,"valueName":"search_term_string"}}],"inLanguage":"en-US"},{"@type":["Organization","Place","EducationalOrganization"],"@id":"https:\/\/www.eloquia.com\/en\/#organization","name":"Eloquia Sprachschule Frankfurt","url":"https:\/\/www.eloquia.com\/en\/","logo":{"@id":"https:\/\/www.eloquia.com\/en\/examinations\/language-examinations\/french\/dfp\/#local-main-organization-logo"},"image":{"@id":"https:\/\/www.eloquia.com\/en\/examinations\/language-examinations\/french\/dfp\/#local-main-organization-logo"},"sameAs":["https:\/\/www.facebook.com\/Eloquia","https:\/\/www.instagram.com\/eloquia_sprachinstitut\/","https:\/\/www.linkedin.com\/company\/eloquia"],"address":{"@id":"https:\/\/www.eloquia.com\/en\/examinations\/language-examinations\/french\/dfp\/#local-main-place-address"},"geo":{"@type":"GeoCoordinates","latitude":"50.1112596","longitude":"8.6758313"},"telephone":["069 - 230020"],"openingHoursSpecification":[{"@type":"OpeningHoursSpecification","dayOfWeek":["Monday","Tuesday","Wednesday","Thursday","Friday"],"opens":"08:30","closes":"18:00"},{"@type":"OpeningHoursSpecification","dayOfWeek":["Saturday","Sunday"],"opens":"00:00","closes":"00:00"}],"email":"info@eloquia.com","faxNumber":"069 - 233920","areaServed":"Deutschland","vatID":"DE114145556"},{"@type":"PostalAddress","@id":"https:\/\/www.eloquia.com\/en\/examinations\/language-examinations\/french\/dfp\/#local-main-place-address","streetAddress":"Kaiserstrasse 10","addressLocality":"Frankfurt am Main","postalCode":"60311","addressRegion":"Hessen","addressCountry":"DE"},{"@type":"ImageObject","inLanguage":"en-US","@id":"https:\/\/www.eloquia.com\/en\/examinations\/language-examinations\/french\/dfp\/#local-main-organization-logo","url":"https:\/\/www.eloquia.com\/wp-content\/uploads\/2020\/10\/Eloquia_Logo.png","contentUrl":"https:\/\/www.eloquia.com\/wp-content\/uploads\/2020\/10\/Eloquia_Logo.png","width":443,"height":111,"caption":"Eloquia Sprachschule Frankfurt"}]},"geo.placename":"Frankfurt am Main","geo.position":{"lat":"50.1112596","long":"8.6758313"},"geo.region":"Germany"},"_links":{"self":[{"href":"https:\/\/www.eloquia.com\/en\/wp-json\/wp\/v2\/pages\/1947","targetHints":{"allow":["GET"]}}],"collection":[{"href":"https:\/\/www.eloquia.com\/en\/wp-json\/wp\/v2\/pages"}],"about":[{"href":"https:\/\/www.eloquia.com\/en\/wp-json\/wp\/v2\/types\/page"}],"author":[{"embeddable":true,"href":"https:\/\/www.eloquia.com\/en\/wp-json\/wp\/v2\/users\/1"}],"replies":[{"embeddable":true,"href":"https:\/\/www.eloquia.com\/en\/wp-json\/wp\/v2\/comments?post=1947"}],"version-history":[{"count":1,"href":"https:\/\/www.eloquia.com\/en\/wp-json\/wp\/v2\/pages\/1947\/revisions"}],"predecessor-version":[{"id":1952,"href":"https:\/\/www.eloquia.com\/en\/wp-json\/wp\/v2\/pages\/1947\/revisions\/1952"}],"up":[{"embeddable":true,"href":"https:\/\/www.eloquia.com\/en\/wp-json\/wp\/v2\/pages\/2027"}],"wp:attachment":[{"href":"https:\/\/www.eloquia.com\/en\/wp-json\/wp\/v2\/media?parent=1947"}],"curies":[{"name":"wp","href":"https:\/\/api.w.org\/{rel}","templated":true}]}}