{"id":2040,"date":"2020-07-06T07:06:32","date_gmt":"2020-07-06T07:06:32","guid":{"rendered":"https:\/\/www.eloquia.com\/referenzen\/"},"modified":"2021-02-11T11:19:41","modified_gmt":"2021-02-11T10:19:41","slug":"references","status":"publish","type":"page","link":"https:\/\/www.eloquia.com\/en\/about-us\/references\/","title":{"rendered":"References"},"content":{"rendered":"<div class=\"wpb-content-wrapper\"><p>[vc_row][vc_column width=&#8221;7\/12&#8243;][vc_empty_space height=&#8221;50px&#8221;][vc_column_text]<\/p>\n<h1><span style=\"color: #2f9899;\">Where trust begins. <\/span> Our client list speaks for the quality of our work. And has done so for 40 years.<\/h1>\n<p>From major banks to museums, the most varied of companies are among our satisfied business clients. Because Eloquia offers eloquent, tailored language courses in the widest range of fields.[\/vc_column_text][\/vc_column][vc_column width=&#8221;5\/12&#8243;][dhsv_vc_clipimage img=&#8221;996&#8243;][\/vc_column][\/vc_row][vc_section dhsv_background_color=&#8221;bg_grey&#8221;][vc_row][vc_column width=&#8221;1\/12&#8243;][\/vc_column][vc_column width=&#8221;10\/12&#8243;][dhsv_vc_customerlist headline=&#8221;An extract from our client list:&#8221; customerlist=&#8221;Allianz Versicherung AG<br \/>\nArtemide<br \/>\nAtos Origin<br \/>\nAventis Pharma AG<br \/>\nBanca Monte dei Paschi di Siena<br \/>\nBanco de Santander<br \/>\nBASF<br \/>\nBiologische Heilmittel Heel GmbH<br \/>\nBNP Paribas<br \/>\nCanton Elektronik GmbH &amp; Co. KG<br \/>\nCelanese AG<br \/>\nCOFACE Deutschland<br \/>\nColliers<br \/>\nCommerzbank AG<br \/>\nCommerz Real<br \/>\nCreative Analytic GmbH<br \/>\nCr\u00e9dit Agricole<br \/>\nDDB Group Germany GmbH<br \/>\nDEKRA<br \/>\nDeutsche Bank AG<br \/>\nDeutsche B\u00f6rse AG<br \/>\nDeutsche Bundesbank<br \/>\nDeutsche Gesellschaft f\u00fcr technische Zusammenarbeit (GTZ) GmbH<br \/>\nDuravit AG<br \/>\nDZ Bank<br \/>\nEintracht Frankfurt<br \/>\nEIOPA<br \/>\nEni Gas &amp; Power GmbH<br \/>\nEvonik Industries AG<br \/>\nEurop\u00e4ische Zentralbank<br \/>\nEuropean Business Shool (ebs)<br \/>\nFidelity Investment Services GmbH<br \/>\nFrankfurt School of Business &amp; Management<br \/>\nFrankfurter Sparkasse<br \/>\nGermanwings<br \/>\nGrammer AG<br \/>\nHartmann Verpackungen<br \/>\nHelvetia Versicherungen<br \/>\nHessen Agentur<br \/>\nHessische Landesbank<br \/>\nHomeaway<br \/>\nHypothekenbank Frankfurt AG<br \/>\nHyundai Corp. Europe GmbH<br \/>\nKastner &amp; Partners<br \/>\nKludi GmbH &amp; Co. KG<br \/>\nLinklaters<br \/>\nLouis Vuitton<br \/>\nThe Lorenz Bahlsen Snack-World GmbH &amp; Co. KG Germany<br \/>\nLufthansa AG<br \/>\nLufthansa Technik<br \/>\nMagna<br \/>\nMcCann-Erickson<br \/>\nNeue Digitale GmbH<br \/>\nNovartis Tiergesundheit GmbH<br \/>\nOgilvy &amp; Mather GmbH<br \/>\nPaul Ehrlich Institut<br \/>\nPMF Plan Marktforschung GmbH<br \/>\nProcter &amp; Gamble<br \/>\nPWC<br \/>\nRed Bull Deutschland GmbH<br \/>\nSaatchi &amp; Saatchi Adverstising GmbH<br \/>\nSamson<br \/>\nSara Lee Deutschland GmbH<br \/>\nSchoeller Textil GmbH<br \/>\nSharkproject e.V.<br \/>\nSoci\u00e9t\u00e9 G\u00e9n\u00e9rale<br \/>\nSopro Bauchemie GmbH<br \/>\nDas St\u00e4del<br \/>\nStadt Frankfurt am Main<br \/>\nSteigenberger Hotel Group<br \/>\nTishman Speyer<br \/>\nTRACOE medical Group<br \/>\nTFS Tradition Financial Services GmbH<br \/>\nTraffiQ Lokale Nahverkersgesellschaft Frankfurt am Main mbH<br \/>\nUnited Airlines<br \/>\nuvex Winter Holding GmbH &amp; Co. KG<br \/>\nVR Factorem<br \/>\nVWR<br \/>\nWegner &amp; Partner GmbH<br \/>\nYASKAWA Europe GmbH<br \/>\nZoologische Gesellschaft Frankfurt&#8221;][vc_empty_space height=&#8221;50px&#8221;][\/vc_column][vc_column width=&#8221;1\/12&#8243;][\/vc_column][\/vc_row][\/vc_section][vc_row full_width=&#8221;stretch_row_content_no_spaces&#8221;][vc_column][dhsv_vc_divider_testimonials headline=&#8221;Kundenstimmen&#8221; imgright=&#8221;276&#8243;][\/vc_column][\/vc_row][vc_row][vc_column][vc_empty_space height=&#8221;100px&#8221;][dhsv_vc_contacts contact_id=&#8221;286&#8243; layout=&#8221;beside-button&#8221; headline=&#8221;You too can be part of it!&#8221; link=&#8221;|||&#8221;][vc_empty_space height=&#8221;125px&#8221;][\/vc_column][\/vc_row]<\/p>\n<\/div>","protected":false},"excerpt":{"rendered":"<p>[vc_row][vc_column width=&#8221;7\/12&#8243;][vc_empty_space height=&#8221;50px&#8221;][vc_column_text] Where trust begins. Our client list speaks for the quality of our work. And has done so for 40 years. From major banks to museums, the most varied of companies are among our satisfied business clients. Because Eloquia offers eloquent, tailored language courses in the widest range of fields.[\/vc_column_text][\/vc_column][vc_column width=&#8221;5\/12&#8243;][dhsv_vc_clipimage img=&#8221;996&#8243;][\/vc_column][\/vc_row][vc_section dhsv_background_color=&#8221;bg_grey&#8221;][vc_row][vc_column&#8230; <a href=\"https:\/\/www.eloquia.com\/en\/about-us\/references\/\" class=\"dhsv-excerpt-link\">More informations<\/a><\/p>\n","protected":false},"author":1,"featured_media":0,"parent":2098,"menu_order":0,"comment_status":"closed","ping_status":"closed","template":"","meta":{"_acf_changed":false,"footnotes":""},"class_list":["post-2040","page","type-page","status-publish","hentry"],"acf":[],"yoast_head":"<!-- This site is optimized with the Yoast SEO Premium plugin v26.8 (Yoast SEO v26.8) - https:\/\/yoast.com\/product\/yoast-seo-premium-wordpress\/ -->\n<title>Eloquia Language School Frankfurt - References<\/title>\n<meta name=\"description\" content=\"References - Eloquia Language School Frankfurt - Language Courses - Language Examinations - Translations\" \/>\n<meta name=\"robots\" content=\"index, follow, max-snippet:-1, max-image-preview:large, max-video-preview:-1\" \/>\n<link rel=\"canonical\" href=\"https:\/\/www.eloquia.com\/en\/about-us\/references\/\" \/>\n<meta property=\"og:locale\" content=\"en_US\" \/>\n<meta property=\"og:type\" content=\"article\" \/>\n<meta property=\"og:title\" content=\"References\" \/>\n<meta property=\"og:description\" content=\"References - Eloquia Language School Frankfurt - Language Courses - Language Examinations - Translations\" \/>\n<meta property=\"og:url\" content=\"https:\/\/www.eloquia.com\/en\/about-us\/references\/\" \/>\n<meta property=\"og:site_name\" content=\"Eloquia Sprachschule Frankfurt\" \/>\n<meta property=\"article:publisher\" content=\"https:\/\/www.facebook.com\/Eloquia\" \/>\n<meta property=\"article:modified_time\" content=\"2021-02-11T10:19:41+00:00\" \/>\n<meta name=\"twitter:card\" content=\"summary_large_image\" \/>\n<meta name=\"twitter:label1\" content=\"Est. reading time\" \/>\n\t<meta name=\"twitter:data1\" content=\"2 minutes\" \/>\n<script type=\"application\/ld+json\" class=\"yoast-schema-graph\">{\"@context\":\"https:\/\/schema.org\",\"@graph\":[{\"@type\":\"WebPage\",\"@id\":\"https:\/\/www.eloquia.com\/en\/about-us\/references\/\",\"url\":\"https:\/\/www.eloquia.com\/en\/about-us\/references\/\",\"name\":\"Eloquia Language School Frankfurt - References\",\"isPartOf\":{\"@id\":\"https:\/\/www.eloquia.com\/en\/#website\"},\"datePublished\":\"2020-07-06T07:06:32+00:00\",\"dateModified\":\"2021-02-11T10:19:41+00:00\",\"description\":\"References - Eloquia Language School Frankfurt - Language Courses - Language Examinations - Translations\",\"breadcrumb\":{\"@id\":\"https:\/\/www.eloquia.com\/en\/about-us\/references\/#breadcrumb\"},\"inLanguage\":\"en-US\",\"potentialAction\":[{\"@type\":\"ReadAction\",\"target\":[\"https:\/\/www.eloquia.com\/en\/about-us\/references\/\"]}]},{\"@type\":\"BreadcrumbList\",\"@id\":\"https:\/\/www.eloquia.com\/en\/about-us\/references\/#breadcrumb\",\"itemListElement\":[{\"@type\":\"ListItem\",\"position\":1,\"name\":\"Home\",\"item\":\"https:\/\/www.eloquia.com\/en\/\"},{\"@type\":\"ListItem\",\"position\":2,\"name\":\"About us\",\"item\":\"https:\/\/www.eloquia.com\/en\/about-us\/\"},{\"@type\":\"ListItem\",\"position\":3,\"name\":\"References\"}]},{\"@type\":\"WebSite\",\"@id\":\"https:\/\/www.eloquia.com\/en\/#website\",\"url\":\"https:\/\/www.eloquia.com\/en\/\",\"name\":\"Eloquia Sprachschule Frankfurt\",\"description\":\"Die Sprachschule in Frankfurt\",\"publisher\":{\"@id\":\"https:\/\/www.eloquia.com\/en\/#organization\"},\"potentialAction\":[{\"@type\":\"SearchAction\",\"target\":{\"@type\":\"EntryPoint\",\"urlTemplate\":\"https:\/\/www.eloquia.com\/en\/?s={search_term_string}\"},\"query-input\":{\"@type\":\"PropertyValueSpecification\",\"valueRequired\":true,\"valueName\":\"search_term_string\"}}],\"inLanguage\":\"en-US\"},{\"@type\":[\"Organization\",\"Place\",\"EducationalOrganization\"],\"@id\":\"https:\/\/www.eloquia.com\/en\/#organization\",\"name\":\"Eloquia Sprachschule Frankfurt\",\"url\":\"https:\/\/www.eloquia.com\/en\/\",\"logo\":{\"@id\":\"https:\/\/www.eloquia.com\/en\/about-us\/references\/#local-main-organization-logo\"},\"image\":{\"@id\":\"https:\/\/www.eloquia.com\/en\/about-us\/references\/#local-main-organization-logo\"},\"sameAs\":[\"https:\/\/www.facebook.com\/Eloquia\",\"https:\/\/www.instagram.com\/eloquia_sprachinstitut\/\",\"https:\/\/www.linkedin.com\/company\/eloquia\"],\"address\":{\"@id\":\"https:\/\/www.eloquia.com\/en\/about-us\/references\/#local-main-place-address\"},\"geo\":{\"@type\":\"GeoCoordinates\",\"latitude\":\"50.1112596\",\"longitude\":\"8.6758313\"},\"telephone\":[\"069 - 230020\"],\"openingHoursSpecification\":[{\"@type\":\"OpeningHoursSpecification\",\"dayOfWeek\":[\"Monday\",\"Tuesday\",\"Wednesday\",\"Thursday\",\"Friday\"],\"opens\":\"08:30\",\"closes\":\"18:00\"},{\"@type\":\"OpeningHoursSpecification\",\"dayOfWeek\":[\"Saturday\",\"Sunday\"],\"opens\":\"00:00\",\"closes\":\"00:00\"}],\"email\":\"info@eloquia.com\",\"faxNumber\":\"069 - 233920\",\"areaServed\":\"Deutschland\",\"vatID\":\"DE114145556\"},{\"@type\":\"PostalAddress\",\"@id\":\"https:\/\/www.eloquia.com\/en\/about-us\/references\/#local-main-place-address\",\"streetAddress\":\"Kaiserstrasse 10\",\"addressLocality\":\"Frankfurt am Main\",\"postalCode\":\"60311\",\"addressRegion\":\"Hessen\",\"addressCountry\":\"DE\"},{\"@type\":\"ImageObject\",\"inLanguage\":\"en-US\",\"@id\":\"https:\/\/www.eloquia.com\/en\/about-us\/references\/#local-main-organization-logo\",\"url\":\"https:\/\/www.eloquia.com\/wp-content\/uploads\/2020\/10\/Eloquia_Logo.png\",\"contentUrl\":\"https:\/\/www.eloquia.com\/wp-content\/uploads\/2020\/10\/Eloquia_Logo.png\",\"width\":443,\"height\":111,\"caption\":\"Eloquia Sprachschule Frankfurt\"}]}<\/script>\n<meta name=\"geo.placename\" content=\"Frankfurt am Main\" \/>\n<meta name=\"geo.position\" content=\"50.1112596;8.6758313\" \/>\n<meta name=\"geo.region\" content=\"Germany\" \/>\n<!-- \/ Yoast SEO Premium plugin. -->","yoast_head_json":{"title":"Eloquia Language School Frankfurt - References","description":"References - Eloquia Language School Frankfurt - Language Courses - Language Examinations - Translations","robots":{"index":"index","follow":"follow","max-snippet":"max-snippet:-1","max-image-preview":"max-image-preview:large","max-video-preview":"max-video-preview:-1"},"canonical":"https:\/\/www.eloquia.com\/en\/about-us\/references\/","og_locale":"en_US","og_type":"article","og_title":"References","og_description":"References - Eloquia Language School Frankfurt - Language Courses - Language Examinations - Translations","og_url":"https:\/\/www.eloquia.com\/en\/about-us\/references\/","og_site_name":"Eloquia Sprachschule Frankfurt","article_publisher":"https:\/\/www.facebook.com\/Eloquia","article_modified_time":"2021-02-11T10:19:41+00:00","twitter_card":"summary_large_image","twitter_misc":{"Est. reading time":"2 minutes"},"schema":{"@context":"https:\/\/schema.org","@graph":[{"@type":"WebPage","@id":"https:\/\/www.eloquia.com\/en\/about-us\/references\/","url":"https:\/\/www.eloquia.com\/en\/about-us\/references\/","name":"Eloquia Language School Frankfurt - References","isPartOf":{"@id":"https:\/\/www.eloquia.com\/en\/#website"},"datePublished":"2020-07-06T07:06:32+00:00","dateModified":"2021-02-11T10:19:41+00:00","description":"References - Eloquia Language School Frankfurt - Language Courses - Language Examinations - Translations","breadcrumb":{"@id":"https:\/\/www.eloquia.com\/en\/about-us\/references\/#breadcrumb"},"inLanguage":"en-US","potentialAction":[{"@type":"ReadAction","target":["https:\/\/www.eloquia.com\/en\/about-us\/references\/"]}]},{"@type":"BreadcrumbList","@id":"https:\/\/www.eloquia.com\/en\/about-us\/references\/#breadcrumb","itemListElement":[{"@type":"ListItem","position":1,"name":"Home","item":"https:\/\/www.eloquia.com\/en\/"},{"@type":"ListItem","position":2,"name":"About us","item":"https:\/\/www.eloquia.com\/en\/about-us\/"},{"@type":"ListItem","position":3,"name":"References"}]},{"@type":"WebSite","@id":"https:\/\/www.eloquia.com\/en\/#website","url":"https:\/\/www.eloquia.com\/en\/","name":"Eloquia Sprachschule Frankfurt","description":"Die Sprachschule in Frankfurt","publisher":{"@id":"https:\/\/www.eloquia.com\/en\/#organization"},"potentialAction":[{"@type":"SearchAction","target":{"@type":"EntryPoint","urlTemplate":"https:\/\/www.eloquia.com\/en\/?s={search_term_string}"},"query-input":{"@type":"PropertyValueSpecification","valueRequired":true,"valueName":"search_term_string"}}],"inLanguage":"en-US"},{"@type":["Organization","Place","EducationalOrganization"],"@id":"https:\/\/www.eloquia.com\/en\/#organization","name":"Eloquia Sprachschule Frankfurt","url":"https:\/\/www.eloquia.com\/en\/","logo":{"@id":"https:\/\/www.eloquia.com\/en\/about-us\/references\/#local-main-organization-logo"},"image":{"@id":"https:\/\/www.eloquia.com\/en\/about-us\/references\/#local-main-organization-logo"},"sameAs":["https:\/\/www.facebook.com\/Eloquia","https:\/\/www.instagram.com\/eloquia_sprachinstitut\/","https:\/\/www.linkedin.com\/company\/eloquia"],"address":{"@id":"https:\/\/www.eloquia.com\/en\/about-us\/references\/#local-main-place-address"},"geo":{"@type":"GeoCoordinates","latitude":"50.1112596","longitude":"8.6758313"},"telephone":["069 - 230020"],"openingHoursSpecification":[{"@type":"OpeningHoursSpecification","dayOfWeek":["Monday","Tuesday","Wednesday","Thursday","Friday"],"opens":"08:30","closes":"18:00"},{"@type":"OpeningHoursSpecification","dayOfWeek":["Saturday","Sunday"],"opens":"00:00","closes":"00:00"}],"email":"info@eloquia.com","faxNumber":"069 - 233920","areaServed":"Deutschland","vatID":"DE114145556"},{"@type":"PostalAddress","@id":"https:\/\/www.eloquia.com\/en\/about-us\/references\/#local-main-place-address","streetAddress":"Kaiserstrasse 10","addressLocality":"Frankfurt am Main","postalCode":"60311","addressRegion":"Hessen","addressCountry":"DE"},{"@type":"ImageObject","inLanguage":"en-US","@id":"https:\/\/www.eloquia.com\/en\/about-us\/references\/#local-main-organization-logo","url":"https:\/\/www.eloquia.com\/wp-content\/uploads\/2020\/10\/Eloquia_Logo.png","contentUrl":"https:\/\/www.eloquia.com\/wp-content\/uploads\/2020\/10\/Eloquia_Logo.png","width":443,"height":111,"caption":"Eloquia Sprachschule Frankfurt"}]},"geo.placename":"Frankfurt am Main","geo.position":{"lat":"50.1112596","long":"8.6758313"},"geo.region":"Germany"},"_links":{"self":[{"href":"https:\/\/www.eloquia.com\/en\/wp-json\/wp\/v2\/pages\/2040","targetHints":{"allow":["GET"]}}],"collection":[{"href":"https:\/\/www.eloquia.com\/en\/wp-json\/wp\/v2\/pages"}],"about":[{"href":"https:\/\/www.eloquia.com\/en\/wp-json\/wp\/v2\/types\/page"}],"author":[{"embeddable":true,"href":"https:\/\/www.eloquia.com\/en\/wp-json\/wp\/v2\/users\/1"}],"replies":[{"embeddable":true,"href":"https:\/\/www.eloquia.com\/en\/wp-json\/wp\/v2\/comments?post=2040"}],"version-history":[{"count":4,"href":"https:\/\/www.eloquia.com\/en\/wp-json\/wp\/v2\/pages\/2040\/revisions"}],"predecessor-version":[{"id":2617,"href":"https:\/\/www.eloquia.com\/en\/wp-json\/wp\/v2\/pages\/2040\/revisions\/2617"}],"up":[{"embeddable":true,"href":"https:\/\/www.eloquia.com\/en\/wp-json\/wp\/v2\/pages\/2098"}],"wp:attachment":[{"href":"https:\/\/www.eloquia.com\/en\/wp-json\/wp\/v2\/media?parent=2040"}],"curies":[{"name":"wp","href":"https:\/\/api.w.org\/{rel}","templated":true}]}}